{"id":74,"date":"2017-09-26T19:01:44","date_gmt":"2017-09-26T17:01:44","guid":{"rendered":"http:\/\/stefanieschwedes.de\/de\/?page_id=74"},"modified":"2025-05-23T20:36:02","modified_gmt":"2025-05-23T18:36:02","slug":"biografie","status":"publish","type":"page","link":"https:\/\/stefanieschwedes.de\/de\/biografie\/","title":{"rendered":"Biografie"},"content":{"rendered":"<h6>Stefanie Schwedes<\/h6>\n<p>Stefanie Schwedes begann ihr k\u00fcnstlerisches Schaffen in den 1980er Jahren mit dem Musik-Projekt Becker Lehnhoff. Durch Tonbandaufnahmen und sp\u00e4ter dann durch digitales Sampling wurden Klanginstallationen erstellt. Diese grunds\u00e4tzliche Arbeitsweise hat die K\u00fcnstlerin weiterentwickelt und auf das Bild \u00fcbertragen. Sie erforscht Mensch-Natur-Beziehungen in Fotografie, Zeichnungen, Raum- und Klanginstallationen.<br \/>\nSchwedes\u2019 Arbeiten sind dabei stets die Suche nach Antworten auf die Fragen: Wie erschlie\u00dft sich der Mensch die ihn umgebende Welt? Wie nimmt der Mensch Komplexit\u00e4t und Verbundenheit wahr? Wie reagiert der Mensch auf die Ver\u00e4nderung und das Verschwinden von geschaffenen Strukturen?<\/p>\n<h6>2025<\/h6>\n<p>\u201esuit yourself \/ wie Du meinst\u201c<br \/>\nEin Raum- und Klanginstallation &#8211; fragile Dialoge auf Papier<br \/>\nEinzelausstellung im Atelier Gisela W\u00e4schle, Bielefeld<\/p>\n<h6>2024<\/h6>\n<p>\u201ewortwelt III\u201c<br \/>\nKuration und Gemeinschaftsausstellung, Kunstraum Rampe, Bielefeld<\/p>\n<h6>2024<\/h6>\n<p>\u201eeveryone but caspar\u201c<br \/>\nGemeinschaftsausstellung, K\u00fcnstlerhaus Sootb\u00f6rn, Hamburg<\/p>\n<h6>2023<\/h6>\n<p>\u201ewortwelt I\u201c<br \/>\nGemeinschaftsausstellung, Literaturhaus, K\u00f6ln<\/p>\n<h6>2023<\/h6>\n<p>\u201einciting incident \/ Ausl\u00f6sender Moment\u201c<br \/>\nEinzelausstellung, Konschthaus Op Der Gare, Clervaux, Luxembourg<\/p>\n<h6>2023<\/h6>\n<p>\u201e(auf d\u00fcnnen sohlen)\u201c<br \/>\nLesung und Ausstellung, Kunstraum Rampe, Bielefeld<\/p>\n<h6>2020<\/h6>\n<p>\u201eGrip On Reality \/ Bodenhaftung\u201c<br \/>\nEine Raum-Klang-Installation \u2013 7 Bilder und Sand, Bielefelder Kunstverein<br \/>\n<a href=\"https:\/\/web.archive.org\/web\/20230206070512\/https:\/\/cabrio.digital\/stefanie-schwedes\/\" target=\"_blank\" rel=\"noopener noreferrer\">Cabrio Digital #6<\/a><\/p>\n<h6>2020<\/h6>\n<p>\u201eWildes Denken \/ Konferenz der Bilder\u201c<br \/>\nEine Raum-Klang-Installation im Rathaus Foyer<br \/>\n<a href=\"https:\/\/www.kulturverein-borgholzhausen.de\/allgemein\/stefanie-schwedes-wildes-denken-konferenz-der-bilder\/\" target=\"_blank\" rel=\"noopener noreferrer\">Kulturverein Borgholzhausen<\/a><\/p>\n<h6><span style=\"font-size: 0.9375rem;\">2019<\/span><\/h6>\n<p>Ausstellung <a href=\"https:\/\/kunstraum-rampe.de\/project\/black-market-2019\/\" target=\"_blank\" rel=\"noopener noreferrer\">Black Market<\/a> (Gemeinschaftsausstellung)<br \/>\nGalerie Kunstraum Rampe, Bielefeld<\/p>\n<h6>2018<\/h6>\n<p>\u201eForever and a day \/ Das dauert ja ewig\u201c, eine Ausstellung im Leerstand<br \/>\nTorgeb\u00e4ude des Haupteingangs zum Sennefriedhof, Bielefeld<\/p>\n<h6>2018<\/h6>\n<p>Kunstraum Rampe als Sommeratelier auf Zeit, Stefanie Schwedes<br \/>\n\u201eHow happy I should be\u201c, eine Rauminstallation \u00fcber drei Monate<br \/>\nmit Werken von Katja Sandler-Wedekind und Antje Do\u00dfmann<\/p>\n<h6>2018<\/h6>\n<p>Bielefelder City Walk #19 \u201everletzlich vernetzt\u201c<br \/>\neine Veranstaltungsreihe des <a href=\"http:\/\/www.bielefelder-kunstverein.de\/veranstaltungen\/bielefelder-city-walks.html#c3497\" target=\"_blank\" rel=\"noopener noreferrer\">Bielefelder Kunstvereins<\/a><\/p>\n<h6>2017<\/h6>\n<p>\u201eAuf\u2022l\u00f6\u2022sung\u201c<br \/>\neine \u201e<a href=\"http:\/\/www.nw.de\/kultur_und_freizeit\/theater_und_kunst\/21930599_Voruebergehende-Zweckentfremdung.html\" target=\"_blank\" rel=\"noopener noreferrer\">Vor\u00fcbergehende Zweckentfremdung<\/a>\u201c von<br \/>\nStefanie Schwedes und Veit Mette<br \/>\nEine Veranstaltung der Reihe \u201eIntermediate Intermedia\u201c<\/p>\n<h6>2017<\/h6>\n<p>Bielefelder City Walk #12 \u201etransmit receive\u201c<br \/>\neine Veranstaltungsreihe des <a href=\"https:\/\/web.archive.org\/web\/20180303030031\/http:\/\/www.bielefelder-kunstverein.de\/veranstaltungen\/bielefelder-city-walks.html#c3497\" target=\"_blank\" rel=\"noopener noreferrer\">Bielefelder Kunstvereins<\/a><\/p>\n<h6>2017<\/h6>\n<p>\u201etransmit receive\u201c (Einzelausstellung)<br \/>\n<a href=\"https:\/\/ekvv.uni-bielefeld.de\/blog\/kultur\/entry\/kunst_am_zif_stefanie_schwedes\" target=\"_blank\" rel=\"noopener noreferrer\">Zentrum f\u00fcr interdisziplin\u00e4re Forschung der Universit\u00e4t<\/a>, Bielefeld (ZiF)<\/p>\n<h6>2016<\/h6>\n<p>Bielefelder City Walk #8 \u201eAu\u00dfen Wildnis Innen\u201c<br \/>\neine Veranstaltungsreihe des <a href=\"https:\/\/web.archive.org\/web\/20180303030031\/http:\/\/www.bielefelder-kunstverein.de\/veranstaltungen\/bielefelder-city-walks.html#c3497\" target=\"_blank\" rel=\"noopener noreferrer\">Bielefelder Kunstvereins<\/a><\/p>\n<h6>2016<\/h6>\n<p>\u201eKinder R\u00e4ume\u201c<br \/>\n<span style=\"font-size: 1rem;\">Gemeinschaftsausstellung <a href=\"http:\/\/veitmette.de\/kinder-raeume\/\" target=\"_blank\" rel=\"noopener noreferrer\">Veit Mette<\/a> und Stefanie Schwedes<br \/>\nim\u00a0<\/span>Kinderhaus am Mondsteinweg<\/p>\n<h6>2016<\/h6>\n<p>\u201eAu\u00dfen Wildnis Innen \u2013 outsisde wilderness inside\u201c<br \/>\nBuchvorstellung und Ausstellung (Einzelausstellung)<br \/>\n<a href=\"http:\/\/www.kunstraum-rampe.de\/rueckschau\/#bwg_container1_6\" target=\"_blank\" rel=\"noopener noreferrer\">Galerie Kunstraum Rampe<\/a>, Bielefeld<\/p>\n<h6>2016<\/h6>\n<p>Publikation \u201e<a href=\"https:\/\/kunstraum-rampe.de\/project\/aussen-wildnis-innen\/\" target=\"_blank\" rel=\"noopener noreferrer\">Au\u00dfen Wildnis Innen<\/a>\u201c<br \/>\nKunstbuch, Hardcover in Leinen, gebunden, Kerber Verlag<\/p>\n<h6>2015<\/h6>\n<p>Ausstellung <a href=\"https:\/\/kunstraum-rampe.de\/project\/black-market-2015\/\" target=\"_blank\" rel=\"noopener noreferrer\">Black Market<\/a> (Gemeinschaftsausstellung)<br \/>\nGalerie Kunstraum Rampe, Bielefeld<\/p>\n<h6>2011 \u2013 2015<\/h6>\n<p>Projekt <a href=\"http:\/\/stefanieschwedes.de\/galeriestein\/\" target=\"_blank\" rel=\"noopener noreferrer\">Galerie Stein<\/a><br \/>\ndigitale Fotoarbeiten: Linien und Strukturen<\/p>\n<h6>1990<\/h6>\n<p>Erinnerungsbuch<br \/>\nDigitale Collagen entwickelt aus Dias und Fotos<br \/>\naus den 1960&#8217;ziger und 1970\u2019ziger Jahren.<br \/>\nDas Erinnerungsbuch entstand f\u00fcr das <a href=\"http:\/\/sigrid-sigurdsson.de\" target=\"_blank\" rel=\"noopener noreferrer\">Archiv \u201aVor der Stille\u2018 im Karl Ernst Osthaus Museum Hagen von Sigrid Sigurdsson<\/a>.<\/p>\n<h6>1984 \u2013 1988<\/h6>\n<p>Projekt Becker Lehnhoff<br \/>\nElektronische Musik, Klangcollagen, Tonbandinstallationen<br \/>\nBerlin, M\u00fcnster<br \/>\nCD How Happy I Should be<br \/>\n<a href=\"https:\/\/www.discogs.com\/artist\/814424-Becker-Lehnhoff\" target=\"_blank\" rel=\"noopener noreferrer\">CD Solo Observed<\/a> (Badland Records)<\/p>\n<p>Stefanie Schwedes (Jahrgang 1960) \u00a0lebt und arbeitet in Bielefeld<\/p>\n","protected":false},"excerpt":{"rendered":"<p>Stefanie Schwedes Stefanie Schwedes begann ihr k\u00fcnstlerisches Schaffen in den 1980er Jahren mit dem Musik-Projekt Becker Lehnhoff. Durch Tonbandaufnahmen und sp\u00e4ter dann durch digitales Sampling wurden Klanginstallationen erstellt. Diese grunds\u00e4tzliche Arbeitsweise hat die K\u00fcnstlerin weiterentwickelt und auf das Bild \u00fcbertragen. Sie erforscht Mensch-Natur-Beziehungen in Fotografie, Zeichnungen, Raum- und Klanginstallationen. Schwedes\u2019 Arbeiten sind dabei stets die &hellip; <\/p>\n<p class=\"link-more\"><a href=\"https:\/\/stefanieschwedes.de\/de\/biografie\/\" class=\"more-link\"><span class=\"screen-reader-text\">\u201eBiografie\u201c <\/span>weiterlesen<\/a><\/p>\n","protected":false},"author":1,"featured_media":0,"parent":0,"menu_order":0,"comment_status":"closed","ping_status":"closed","template":"","meta":{"_crdt_document":"","footnotes":""},"class_list":["post-74","page","type-page","status-publish","hentry"],"_links":{"self":[{"href":"https:\/\/stefanieschwedes.de\/de\/wp-json\/wp\/v2\/pages\/74","targetHints":{"allow":["GET"]}}],"collection":[{"href":"https:\/\/stefanieschwedes.de\/de\/wp-json\/wp\/v2\/pages"}],"about":[{"href":"https:\/\/stefanieschwedes.de\/de\/wp-json\/wp\/v2\/types\/page"}],"author":[{"embeddable":true,"href":"https:\/\/stefanieschwedes.de\/de\/wp-json\/wp\/v2\/users\/1"}],"replies":[{"embeddable":true,"href":"https:\/\/stefanieschwedes.de\/de\/wp-json\/wp\/v2\/comments?post=74"}],"version-history":[{"count":26,"href":"https:\/\/stefanieschwedes.de\/de\/wp-json\/wp\/v2\/pages\/74\/revisions"}],"predecessor-version":[{"id":592,"href":"https:\/\/stefanieschwedes.de\/de\/wp-json\/wp\/v2\/pages\/74\/revisions\/592"}],"wp:attachment":[{"href":"https:\/\/stefanieschwedes.de\/de\/wp-json\/wp\/v2\/media?parent=74"}],"curies":[{"name":"wp","href":"https:\/\/api.w.org\/{rel}","templated":true}]}}